{"id":44,"date":"2023-07-30T20:29:29","date_gmt":"2023-07-31T01:29:29","guid":{"rendered":"https:\/\/moringanetworks.com\/?post_type=product&#038;p=44"},"modified":"2023-08-01T13:58:11","modified_gmt":"2023-08-01T18:58:11","slug":"morin-coffe-capuchino","status":"publish","type":"product","link":"https:\/\/moringanetworks.com\/index.php\/producto\/morin-coffe-capuchino\/","title":{"rendered":"Morin-Coffe CAPUCHINO"},"content":{"rendered":"<p><strong>El caf\u00e9, leche descremada con Moringa y Maca proporcionan varios beneficios para la salud.<\/strong><\/p>\n<p>&nbsp;<\/p>\n<ul>\n<li style=\"font-weight: 400;\" aria-level=\"1\"><span style=\"font-weight: 400;\">Aumenta la energ\u00eda y la resistencia f\u00edsica.<\/span><\/li>\n<li style=\"font-weight: 400;\" aria-level=\"1\"><span style=\"font-weight: 400;\">Contiene antioxidantes que pueden ayudar a reducir el estr\u00e9s oxidativo en el cuerpo<\/span><\/li>\n<li style=\"font-weight: 400;\" aria-level=\"1\"><span style=\"font-weight: 400;\">Ayuda la salud digestiva gracias a su contenido de fibra y propiedades antiinflamatorias.<\/span><\/li>\n<li style=\"font-weight: 400;\" aria-level=\"1\"><span style=\"font-weight: 400;\">Ayudan en la p\u00e9rdida de peso al reducir la absorci\u00f3n de grasa en el cuerpo.<\/span><\/li>\n<li style=\"font-weight: 400;\" aria-level=\"1\"><span style=\"font-weight: 400;\">Son ricas en nutrientes, vitaminas, minerales, prote\u00ednas y fuente de calcio<\/span><\/li>\n<\/ul>\n","protected":false},"excerpt":{"rendered":"<p><span style=\"font-weight: 400;\">Descubre el equilibrio perfecto entre sabor y bienestar con nuestro caf\u00e9 enriquecido con moringa, leche descremada y maca. Energ\u00eda revitalizante, nutrientes esenciales y un impulso para tu d\u00eda. Disfruta de un caf\u00e9 delicioso y nutritivo, cargado de antioxidantes y vitaminas para fortalecer tu cuerpo y mente. <\/span><\/p>\n","protected":false},"featured_media":36,"comment_status":"open","ping_status":"closed","template":"","meta":{"_et_pb_use_builder":"on","_et_pb_old_content":"<strong>El caf\u00e9, leche descremada con Moringa y Maca proporcionan varios beneficios para la salud.<\/strong>\r\n\r\n&nbsp;\r\n<ul>\r\n \t<li style=\"font-weight: 400;\" aria-level=\"1\"><span style=\"font-weight: 400;\">Aumenta la energ\u00eda y la resistencia f\u00edsica.<\/span><\/li>\r\n \t<li style=\"font-weight: 400;\" aria-level=\"1\"><span style=\"font-weight: 400;\">Contiene antioxidantes que pueden ayudar a reducir el estr\u00e9s oxidativo en el cuerpo<\/span><\/li>\r\n \t<li style=\"font-weight: 400;\" aria-level=\"1\"><span style=\"font-weight: 400;\">Ayuda la salud digestiva gracias a su contenido de fibra y propiedades antiinflamatorias.<\/span><\/li>\r\n \t<li style=\"font-weight: 400;\" aria-level=\"1\"><span style=\"font-weight: 400;\">Ayudan en la p\u00e9rdida de peso al reducir la absorci\u00f3n de grasa en el cuerpo.<\/span><\/li>\r\n \t<li style=\"font-weight: 400;\" aria-level=\"1\"><span style=\"font-weight: 400;\">Son ricas en nutrientes, vitaminas, minerales, prote\u00ednas y fuente de calcio<\/span><\/li>\r\n<\/ul>","_et_gb_content_width":"","inline_featured_image":false},"product_brand":[],"product_cat":[15],"product_tag":[],"class_list":{"0":"post-44","1":"product","2":"type-product","3":"status-publish","4":"has-post-thumbnail","6":"product_cat-sin-categorizar","8":"first","9":"instock","10":"shipping-taxable","11":"product-type-simple"},"_links":{"self":[{"href":"https:\/\/moringanetworks.com\/index.php\/wp-json\/wp\/v2\/product\/44","targetHints":{"allow":["GET"]}}],"collection":[{"href":"https:\/\/moringanetworks.com\/index.php\/wp-json\/wp\/v2\/product"}],"about":[{"href":"https:\/\/moringanetworks.com\/index.php\/wp-json\/wp\/v2\/types\/product"}],"replies":[{"embeddable":true,"href":"https:\/\/moringanetworks.com\/index.php\/wp-json\/wp\/v2\/comments?post=44"}],"wp:featuredmedia":[{"embeddable":true,"href":"https:\/\/moringanetworks.com\/index.php\/wp-json\/wp\/v2\/media\/36"}],"wp:attachment":[{"href":"https:\/\/moringanetworks.com\/index.php\/wp-json\/wp\/v2\/media?parent=44"}],"wp:term":[{"taxonomy":"product_brand","embeddable":true,"href":"https:\/\/moringanetworks.com\/index.php\/wp-json\/wp\/v2\/product_brand?post=44"},{"taxonomy":"product_cat","embeddable":true,"href":"https:\/\/moringanetworks.com\/index.php\/wp-json\/wp\/v2\/product_cat?post=44"},{"taxonomy":"product_tag","embeddable":true,"href":"https:\/\/moringanetworks.com\/index.php\/wp-json\/wp\/v2\/product_tag?post=44"}],"curies":[{"name":"wp","href":"https:\/\/api.w.org\/{rel}","templated":true}]}}