{"id":43,"date":"2023-07-30T20:28:27","date_gmt":"2023-07-31T01:28:27","guid":{"rendered":"https:\/\/moringanetworks.com\/?post_type=product&#038;p=43"},"modified":"2023-07-30T20:28:27","modified_gmt":"2023-07-31T01:28:27","slug":"morin-coffee-black","status":"publish","type":"product","link":"https:\/\/moringanetworks.com\/index.php\/producto\/morin-coffee-black\/","title":{"rendered":"Morin-Coffee BLACK"},"content":{"rendered":"<p><span style=\"font-weight: 400;\">El caf\u00e9 con Moringa y Maca tienen propiedades nutricionales y medicinales.\u00a0<\/span><\/p>\n<ul>\n<li style=\"font-weight: 400;\" aria-level=\"1\"><span style=\"font-weight: 400;\">Ayuda a combatir la fatiga, aumenta los <\/span>niveles de energ\u00eda y la resistencia f\u00edsica<\/li>\n<li style=\"font-weight: 400;\" aria-level=\"1\"><span style=\"font-weight: 400;\">Mejora la concentraci\u00f3n, la funci\u00f3n cognitiva <\/span>mejorando la memoria y el aprendizaje.<\/li>\n<li style=\"font-weight: 400;\" aria-level=\"1\"><span style=\"font-weight: 400;\">Contiene antioxidantes que pueden ayudar a reducir el estr\u00e9s oxidativo en el cuerpo<\/span><\/li>\n<li style=\"font-weight: 400;\" aria-level=\"1\"><span style=\"font-weight: 400;\">Antiestr\u00e9s: la maca se ha relacionado con la reducci\u00f3n del estr\u00e9s y la ansiedad<\/span><\/li>\n<li style=\"font-weight: 400;\" aria-level=\"1\"><span style=\"font-weight: 400;\">Son ricas en nutrientes, vitaminas, minerales, prote\u00ednas y fuente de calcio<\/span><\/li>\n<\/ul>\n<p>&nbsp;<\/p>\n","protected":false},"excerpt":{"rendered":"<p><span style=\"font-weight: 400;\">Eleva tu experiencia de caf\u00e9 con la poderosa combinaci\u00f3n de moringa y maca. Energ\u00eda sostenida, antioxidantes potentes y apoyo a la concentraci\u00f3n. El caf\u00e9 estimula tu vitalidad, mientras que la moringa y la maca aportan nutrientes esenciales para un equilibrio interno. \u00a1Descubre los beneficios de este caf\u00e9 \u00fanico y disfruta de un impulso saludable en cada taza!<\/span><\/p>\n","protected":false},"featured_media":35,"comment_status":"open","ping_status":"closed","template":"","meta":{"_et_pb_use_builder":"","_et_pb_old_content":"","_et_gb_content_width":"","inline_featured_image":false},"product_brand":[],"product_cat":[15],"product_tag":[],"class_list":{"0":"post-43","1":"product","2":"type-product","3":"status-publish","4":"has-post-thumbnail","6":"product_cat-sin-categorizar","8":"first","9":"instock","10":"shipping-taxable","11":"product-type-simple"},"_links":{"self":[{"href":"https:\/\/moringanetworks.com\/index.php\/wp-json\/wp\/v2\/product\/43","targetHints":{"allow":["GET"]}}],"collection":[{"href":"https:\/\/moringanetworks.com\/index.php\/wp-json\/wp\/v2\/product"}],"about":[{"href":"https:\/\/moringanetworks.com\/index.php\/wp-json\/wp\/v2\/types\/product"}],"replies":[{"embeddable":true,"href":"https:\/\/moringanetworks.com\/index.php\/wp-json\/wp\/v2\/comments?post=43"}],"wp:featuredmedia":[{"embeddable":true,"href":"https:\/\/moringanetworks.com\/index.php\/wp-json\/wp\/v2\/media\/35"}],"wp:attachment":[{"href":"https:\/\/moringanetworks.com\/index.php\/wp-json\/wp\/v2\/media?parent=43"}],"wp:term":[{"taxonomy":"product_brand","embeddable":true,"href":"https:\/\/moringanetworks.com\/index.php\/wp-json\/wp\/v2\/product_brand?post=43"},{"taxonomy":"product_cat","embeddable":true,"href":"https:\/\/moringanetworks.com\/index.php\/wp-json\/wp\/v2\/product_cat?post=43"},{"taxonomy":"product_tag","embeddable":true,"href":"https:\/\/moringanetworks.com\/index.php\/wp-json\/wp\/v2\/product_tag?post=43"}],"curies":[{"name":"wp","href":"https:\/\/api.w.org\/{rel}","templated":true}]}}