{"id":40,"date":"2023-07-30T20:25:25","date_gmt":"2023-07-31T01:25:25","guid":{"rendered":"https:\/\/moringanetworks.com\/?post_type=product&#038;p=40"},"modified":"2023-07-30T20:25:25","modified_gmt":"2023-07-31T01:25:25","slug":"hojas-de-moringa","status":"publish","type":"product","link":"https:\/\/moringanetworks.com\/index.php\/producto\/hojas-de-moringa\/","title":{"rendered":"HojaS De Moringa"},"content":{"rendered":"<p><span style=\"font-weight: 400;\">Las hojas de Moringa contienen una gran cantidad de nutrientes y compuestos beneficiosos para la salud, incluyendo vitaminas, minerales, antioxidantes y amino\u00e1cidos. Algunos de los beneficios potenciales de las hojas de Moringa son:<\/span><\/p>\n<ul>\n<li style=\"font-weight: 400;\" aria-level=\"1\"><span style=\"font-weight: 400;\">Aumento de la energ\u00eda y la resistencia f\u00edsica.<\/span><\/li>\n<li style=\"font-weight: 400;\" aria-level=\"1\"><span style=\"font-weight: 400;\">Mejora del sistema inmunol\u00f3gico y la funci\u00f3n celular.<\/span><\/li>\n<li style=\"font-weight: 400;\" aria-level=\"1\"><span style=\"font-weight: 400;\">Reducci\u00f3n de la inflamaci\u00f3n y el dolor.<\/span><\/li>\n<li style=\"font-weight: 400;\" aria-level=\"1\"><span style=\"font-weight: 400;\">Mejora de la digesti\u00f3n y la salud gastrointestinal.<\/span><\/li>\n<li style=\"font-weight: 400;\" aria-level=\"1\"><span style=\"font-weight: 400;\">Ayuda en la p\u00e9rdida de peso y la regulaci\u00f3n del az\u00facar en la sangre.<\/span><\/li>\n<li style=\"font-weight: 400;\" aria-level=\"1\"><span style=\"font-weight: 400;\">Mejora de la salud cardiovascular y la reducci\u00f3n del colesterol.<\/span><\/li>\n<li style=\"font-weight: 400;\" aria-level=\"1\"><span style=\"font-weight: 400;\">Fortalecimiento de los huesos y los dientes.<\/span><\/li>\n<li style=\"font-weight: 400;\" aria-level=\"1\"><span style=\"font-weight: 400;\">Protecci\u00f3n contra el da\u00f1o celular y el envejecimiento prematuro.<\/span><\/li>\n<li style=\"font-weight: 400;\" aria-level=\"1\"><span style=\"font-weight: 400;\">Mejora de la salud de la piel y el cabello.<\/span><\/li>\n<li style=\"font-weight: 400;\" aria-level=\"1\"><span style=\"font-weight: 400;\">Mejora de la salud mental y la funci\u00f3n cognitiva.<\/span><\/li>\n<\/ul>\n","protected":false},"excerpt":{"rendered":"<p><span style=\"font-weight: 400;\">Descubre los incre\u00edbles beneficios de las c\u00e1psulas de hoja de moringa. Energ\u00eda natural, antioxidantes poderosos, bienestar en cada dosis. Activa tu salud y aprovecha los beneficios \u00fanicos de la moringa. \u00a1Atr\u00e9vete a probarlas y mejorar tu calidad de vida hoy mismo!<\/span><\/p>\n","protected":false},"featured_media":37,"comment_status":"open","ping_status":"closed","template":"","meta":{"_et_pb_use_builder":"","_et_pb_old_content":"","_et_gb_content_width":"","inline_featured_image":false},"product_brand":[],"product_cat":[15],"product_tag":[],"class_list":{"0":"post-40","1":"product","2":"type-product","3":"status-publish","4":"has-post-thumbnail","6":"product_cat-sin-categorizar","8":"first","9":"instock","10":"shipping-taxable","11":"product-type-simple"},"_links":{"self":[{"href":"https:\/\/moringanetworks.com\/index.php\/wp-json\/wp\/v2\/product\/40","targetHints":{"allow":["GET"]}}],"collection":[{"href":"https:\/\/moringanetworks.com\/index.php\/wp-json\/wp\/v2\/product"}],"about":[{"href":"https:\/\/moringanetworks.com\/index.php\/wp-json\/wp\/v2\/types\/product"}],"replies":[{"embeddable":true,"href":"https:\/\/moringanetworks.com\/index.php\/wp-json\/wp\/v2\/comments?post=40"}],"wp:featuredmedia":[{"embeddable":true,"href":"https:\/\/moringanetworks.com\/index.php\/wp-json\/wp\/v2\/media\/37"}],"wp:attachment":[{"href":"https:\/\/moringanetworks.com\/index.php\/wp-json\/wp\/v2\/media?parent=40"}],"wp:term":[{"taxonomy":"product_brand","embeddable":true,"href":"https:\/\/moringanetworks.com\/index.php\/wp-json\/wp\/v2\/product_brand?post=40"},{"taxonomy":"product_cat","embeddable":true,"href":"https:\/\/moringanetworks.com\/index.php\/wp-json\/wp\/v2\/product_cat?post=40"},{"taxonomy":"product_tag","embeddable":true,"href":"https:\/\/moringanetworks.com\/index.php\/wp-json\/wp\/v2\/product_tag?post=40"}],"curies":[{"name":"wp","href":"https:\/\/api.w.org\/{rel}","templated":true}]}}